{"id":13629,"date":"2021-10-14T12:11:24","date_gmt":"2021-10-14T12:11:24","guid":{"rendered":"https:\/\/shop.fatumnyiregyhaza.hu\/?post_type=product&#038;p=13629"},"modified":"2021-10-25T12:43:04","modified_gmt":"2021-10-25T12:43:04","slug":"gumi-karkoto-fatum-nyiregyhaza-logoval-felirattal","status":"publish","type":"product","link":"https:\/\/shop.fatumnyiregyhaza.hu\/?product=gumi-karkoto-fatum-nyiregyhaza-logoval-felirattal","title":{"rendered":"Szilikon kark\u00f6t\u0151 Fatum &#8211; Ny\u00edregyh\u00e1za log\u00f3val, felirattal"},"content":{"rendered":"<p>Szit\u00e1zott szilikon kark\u00f6t\u0151!<\/p>\n","protected":false},"excerpt":{"rendered":"<p>Szit\u00e1zott szilikon kark\u00f6t\u0151!<\/p>\n","protected":false},"featured_media":13625,"template":"","meta":[],"product_cat":[15],"product_tag":[],"class_list":{"0":"post-13629","1":"product","2":"type-product","3":"status-publish","4":"has-post-thumbnail","6":"product_cat-fatum-nyiregyhaza","8":"first","9":"instock","10":"shipping-taxable","11":"purchasable","12":"product-type-simple"},"_links":{"self":[{"href":"https:\/\/shop.fatumnyiregyhaza.hu\/index.php?rest_route=\/wp\/v2\/product\/13629","targetHints":{"allow":["GET"]}}],"collection":[{"href":"https:\/\/shop.fatumnyiregyhaza.hu\/index.php?rest_route=\/wp\/v2\/product"}],"about":[{"href":"https:\/\/shop.fatumnyiregyhaza.hu\/index.php?rest_route=\/wp\/v2\/types\/product"}],"wp:featuredmedia":[{"embeddable":true,"href":"https:\/\/shop.fatumnyiregyhaza.hu\/index.php?rest_route=\/wp\/v2\/media\/13625"}],"wp:attachment":[{"href":"https:\/\/shop.fatumnyiregyhaza.hu\/index.php?rest_route=%2Fwp%2Fv2%2Fmedia&parent=13629"}],"wp:term":[{"taxonomy":"product_cat","embeddable":true,"href":"https:\/\/shop.fatumnyiregyhaza.hu\/index.php?rest_route=%2Fwp%2Fv2%2Fproduct_cat&post=13629"},{"taxonomy":"product_tag","embeddable":true,"href":"https:\/\/shop.fatumnyiregyhaza.hu\/index.php?rest_route=%2Fwp%2Fv2%2Fproduct_tag&post=13629"}],"curies":[{"name":"wp","href":"https:\/\/api.w.org\/{rel}","templated":true}]}}