{"id":13587,"date":"2021-10-12T15:25:38","date_gmt":"2021-10-12T15:25:38","guid":{"rendered":"https:\/\/shop.fatumnyiregyhaza.hu\/?post_type=product&#038;p=13587"},"modified":"2022-10-16T14:30:02","modified_gmt":"2022-10-16T14:30:02","slug":"kornyaku-polo-fatum-nyiregyhaza-logoval","status":"publish","type":"product","link":"https:\/\/shop.fatumnyiregyhaza.hu\/?product=kornyaku-polo-fatum-nyiregyhaza-logoval","title":{"rendered":"K\u00f6rnyak\u00fa p\u00f3l\u00f3 Fatum &#8211; Ny\u00edregyh\u00e1za log\u00f3val"},"content":{"rendered":"<p>Webshopunkban j\u00f3 min\u0151s\u00e9g\u0171, strapab\u00edr\u00f3 k\u00f6rnyak\u00fa p\u00f3l\u00f3kat tal\u00e1lsz ak\u00e1r mindennapi viseletnek is Fatum &#8211; Ny\u00edregyh\u00e1za log\u00f3val t\u00f6bb m\u00e9retben!<\/p>\n","protected":false},"excerpt":{"rendered":"<p>Webshopunkban j\u00f3 min\u0151s\u00e9g\u0171, strapab\u00edr\u00f3 k\u00f6rnyak\u00fa p\u00f3l\u00f3kat tal\u00e1lsz ak\u00e1r mindennapi viseletnek is Fatum &#8211; Ny\u00edregyh\u00e1za log\u00f3val t\u00f6bb m\u00e9retben!<\/p>\n","protected":false},"featured_media":13627,"template":"","meta":[],"product_cat":[15],"product_tag":[],"class_list":{"0":"post-13587","1":"product","2":"type-product","3":"status-publish","4":"has-post-thumbnail","6":"product_cat-fatum-nyiregyhaza","8":"first","9":"instock","10":"shipping-taxable","11":"purchasable","12":"product-type-variable"},"_links":{"self":[{"href":"https:\/\/shop.fatumnyiregyhaza.hu\/index.php?rest_route=\/wp\/v2\/product\/13587","targetHints":{"allow":["GET"]}}],"collection":[{"href":"https:\/\/shop.fatumnyiregyhaza.hu\/index.php?rest_route=\/wp\/v2\/product"}],"about":[{"href":"https:\/\/shop.fatumnyiregyhaza.hu\/index.php?rest_route=\/wp\/v2\/types\/product"}],"wp:featuredmedia":[{"embeddable":true,"href":"https:\/\/shop.fatumnyiregyhaza.hu\/index.php?rest_route=\/wp\/v2\/media\/13627"}],"wp:attachment":[{"href":"https:\/\/shop.fatumnyiregyhaza.hu\/index.php?rest_route=%2Fwp%2Fv2%2Fmedia&parent=13587"}],"wp:term":[{"taxonomy":"product_cat","embeddable":true,"href":"https:\/\/shop.fatumnyiregyhaza.hu\/index.php?rest_route=%2Fwp%2Fv2%2Fproduct_cat&post=13587"},{"taxonomy":"product_tag","embeddable":true,"href":"https:\/\/shop.fatumnyiregyhaza.hu\/index.php?rest_route=%2Fwp%2Fv2%2Fproduct_tag&post=13587"}],"curies":[{"name":"wp","href":"https:\/\/api.w.org\/{rel}","templated":true}]}}