{"id":13573,"date":"2021-10-12T15:16:54","date_gmt":"2021-10-12T15:16:54","guid":{"rendered":"https:\/\/shop.fatumnyiregyhaza.hu\/?post_type=product&#038;p=13573"},"modified":"2022-10-16T14:31:00","modified_gmt":"2022-10-16T14:31:00","slug":"szurkolo-sal-hubner-nyiregyhaza-bs-felirattal","status":"publish","type":"product","link":"https:\/\/shop.fatumnyiregyhaza.hu\/?product=szurkolo-sal-hubner-nyiregyhaza-bs-felirattal","title":{"rendered":"Szurkol\u00f3i s\u00e1l H\u00fcbner Ny\u00edregyh\u00e1za BS  felirattal"},"content":{"rendered":"<p>Kiv\u00e1l\u00f3 min\u0151s\u00e9g\u0171 egyedi szurkol\u00f3i s\u00e1l Fatum &#8211; Ny\u00edregyh\u00e1za felirattal!<\/p>\n","protected":false},"excerpt":{"rendered":"<p>Kiv\u00e1l\u00f3 min\u0151s\u00e9g\u0171 egyedi szurkol\u00f3i s\u00e1l Fatum &#8211; Ny\u00edregyh\u00e1za felirattal!<\/p>\n","protected":false},"featured_media":13622,"template":"","meta":[],"product_cat":[48],"product_tag":[],"class_list":{"0":"post-13573","1":"product","2":"type-product","3":"status-publish","4":"has-post-thumbnail","6":"product_cat-hubner-nyiregyhaza-bs","8":"first","9":"instock","10":"shipping-taxable","11":"purchasable","12":"product-type-simple"},"_links":{"self":[{"href":"https:\/\/shop.fatumnyiregyhaza.hu\/index.php?rest_route=\/wp\/v2\/product\/13573","targetHints":{"allow":["GET"]}}],"collection":[{"href":"https:\/\/shop.fatumnyiregyhaza.hu\/index.php?rest_route=\/wp\/v2\/product"}],"about":[{"href":"https:\/\/shop.fatumnyiregyhaza.hu\/index.php?rest_route=\/wp\/v2\/types\/product"}],"wp:featuredmedia":[{"embeddable":true,"href":"https:\/\/shop.fatumnyiregyhaza.hu\/index.php?rest_route=\/wp\/v2\/media\/13622"}],"wp:attachment":[{"href":"https:\/\/shop.fatumnyiregyhaza.hu\/index.php?rest_route=%2Fwp%2Fv2%2Fmedia&parent=13573"}],"wp:term":[{"taxonomy":"product_cat","embeddable":true,"href":"https:\/\/shop.fatumnyiregyhaza.hu\/index.php?rest_route=%2Fwp%2Fv2%2Fproduct_cat&post=13573"},{"taxonomy":"product_tag","embeddable":true,"href":"https:\/\/shop.fatumnyiregyhaza.hu\/index.php?rest_route=%2Fwp%2Fv2%2Fproduct_tag&post=13573"}],"curies":[{"name":"wp","href":"https:\/\/api.w.org\/{rel}","templated":true}]}}