{"id":13572,"date":"2021-10-12T15:16:47","date_gmt":"2021-10-12T15:16:47","guid":{"rendered":"https:\/\/shop.fatumnyiregyhaza.hu\/?post_type=product&#038;p=13572"},"modified":"2022-10-16T14:31:07","modified_gmt":"2022-10-16T14:31:07","slug":"szurkolo-sal-fatum-nyiregyhaza-felirattal","status":"publish","type":"product","link":"https:\/\/shop.fatumnyiregyhaza.hu\/?product=szurkolo-sal-fatum-nyiregyhaza-felirattal","title":{"rendered":"Szurkol\u00f3i s\u00e1l Fatum &#8211; Ny\u00edregyh\u00e1za felirattal"},"content":{"rendered":"<p>Kiv\u00e1l\u00f3 min\u0151s\u00e9g\u0171 egyedi szurkol\u00f3i s\u00e1l Fatum &#8211; Ny\u00edregyh\u00e1za felirattal!<\/p>\n","protected":false},"excerpt":{"rendered":"<p>Kiv\u00e1l\u00f3 min\u0151s\u00e9g\u0171 egyedi szurkol\u00f3i s\u00e1l Fatum &#8211; Ny\u00edregyh\u00e1za felirattal!<\/p>\n","protected":false},"featured_media":13616,"template":"","meta":[],"product_cat":[15],"product_tag":[],"class_list":{"0":"post-13572","1":"product","2":"type-product","3":"status-publish","4":"has-post-thumbnail","6":"product_cat-fatum-nyiregyhaza","8":"first","9":"instock","10":"shipping-taxable","11":"purchasable","12":"product-type-simple"},"_links":{"self":[{"href":"https:\/\/shop.fatumnyiregyhaza.hu\/index.php?rest_route=\/wp\/v2\/product\/13572","targetHints":{"allow":["GET"]}}],"collection":[{"href":"https:\/\/shop.fatumnyiregyhaza.hu\/index.php?rest_route=\/wp\/v2\/product"}],"about":[{"href":"https:\/\/shop.fatumnyiregyhaza.hu\/index.php?rest_route=\/wp\/v2\/types\/product"}],"wp:featuredmedia":[{"embeddable":true,"href":"https:\/\/shop.fatumnyiregyhaza.hu\/index.php?rest_route=\/wp\/v2\/media\/13616"}],"wp:attachment":[{"href":"https:\/\/shop.fatumnyiregyhaza.hu\/index.php?rest_route=%2Fwp%2Fv2%2Fmedia&parent=13572"}],"wp:term":[{"taxonomy":"product_cat","embeddable":true,"href":"https:\/\/shop.fatumnyiregyhaza.hu\/index.php?rest_route=%2Fwp%2Fv2%2Fproduct_cat&post=13572"},{"taxonomy":"product_tag","embeddable":true,"href":"https:\/\/shop.fatumnyiregyhaza.hu\/index.php?rest_route=%2Fwp%2Fv2%2Fproduct_tag&post=13572"}],"curies":[{"name":"wp","href":"https:\/\/api.w.org\/{rel}","templated":true}]}}