{"id":13570,"date":"2021-10-12T15:12:39","date_gmt":"2021-10-12T15:12:39","guid":{"rendered":"https:\/\/shop.fatumnyiregyhaza.hu\/?post_type=product&#038;p=13570"},"modified":"2021-10-14T12:07:51","modified_gmt":"2021-10-14T12:07:51","slug":"nyakpant-fatum-nyiregyhaza-felirattal","status":"publish","type":"product","link":"https:\/\/shop.fatumnyiregyhaza.hu\/?product=nyakpant-fatum-nyiregyhaza-felirattal","title":{"rendered":"Nyakp\u00e1nt Fatum &#8211; Ny\u00edregyh\u00e1za felirattal"},"content":{"rendered":"<p>Fatum &#8211; Ny\u00edregyh\u00e1za nyakbaakaszt\u00f3, csepp karab\u00ednerrel. Kiv\u00e1l\u00f3 min\u0151s\u00e9g\u0171 nyakp\u00e1nt praktikus felhaszn\u00e1l\u00e1si lehet\u0151s\u00e9gekkel!<\/p>\n","protected":false},"excerpt":{"rendered":"<p>Fatum &#8211; Ny\u00edregyh\u00e1za nyakbaakaszt\u00f3, csepp karab\u00ednerrel. Kiv\u00e1l\u00f3 min\u0151s\u00e9g\u0171 nyakp\u00e1nt praktikus felhaszn\u00e1l\u00e1si lehet\u0151s\u00e9gekkel!<\/p>\n","protected":false},"featured_media":13626,"template":"","meta":[],"product_cat":[15],"product_tag":[],"class_list":{"0":"post-13570","1":"product","2":"type-product","3":"status-publish","4":"has-post-thumbnail","6":"product_cat-fatum-nyiregyhaza","8":"first","9":"instock","10":"shipping-taxable","11":"purchasable","12":"product-type-simple"},"_links":{"self":[{"href":"https:\/\/shop.fatumnyiregyhaza.hu\/index.php?rest_route=\/wp\/v2\/product\/13570","targetHints":{"allow":["GET"]}}],"collection":[{"href":"https:\/\/shop.fatumnyiregyhaza.hu\/index.php?rest_route=\/wp\/v2\/product"}],"about":[{"href":"https:\/\/shop.fatumnyiregyhaza.hu\/index.php?rest_route=\/wp\/v2\/types\/product"}],"wp:featuredmedia":[{"embeddable":true,"href":"https:\/\/shop.fatumnyiregyhaza.hu\/index.php?rest_route=\/wp\/v2\/media\/13626"}],"wp:attachment":[{"href":"https:\/\/shop.fatumnyiregyhaza.hu\/index.php?rest_route=%2Fwp%2Fv2%2Fmedia&parent=13570"}],"wp:term":[{"taxonomy":"product_cat","embeddable":true,"href":"https:\/\/shop.fatumnyiregyhaza.hu\/index.php?rest_route=%2Fwp%2Fv2%2Fproduct_cat&post=13570"},{"taxonomy":"product_tag","embeddable":true,"href":"https:\/\/shop.fatumnyiregyhaza.hu\/index.php?rest_route=%2Fwp%2Fv2%2Fproduct_tag&post=13570"}],"curies":[{"name":"wp","href":"https:\/\/api.w.org\/{rel}","templated":true}]}}