{"id":13647,"date":"2021-11-09T15:48:47","date_gmt":"2021-11-09T15:48:47","guid":{"rendered":"https:\/\/shop.fatumnyiregyhaza.hu\/?page_id=13647"},"modified":"2021-11-15T10:01:39","modified_gmt":"2021-11-15T10:01:39","slug":"garancialis-feltetelek","status":"publish","type":"page","link":"https:\/\/shop.fatumnyiregyhaza.hu\/?page_id=13647","title":{"rendered":"Garanci\u00e1lis felt\u00e9telek"},"content":{"rendered":"\n<p>Garanci\u00e1lis felt\u00e9telek<\/p>\n\n\n\n<p>A j\u00f3t\u00e1ll\u00e1si jegyen felt\u00fcntetett term\u00e9kre <a>10.000.- Ft <\/a>\u00a0\u00e9rt\u00e9khat\u00e1r felett a fogyaszt\u00f3i szerz\u0151d\u00e9s keretein bel\u00fcl C\u00e9g\u00fcnk j\u00f3t\u00e1ll\u00e1st, alatta szavatoss\u00e1got v\u00e1llal. A j\u00f3t\u00e1ll\u00e1s id\u0151tartama <a>6 h\u00f3nap<\/a>\u00a0. A j\u00f3t\u00e1ll\u00e1si ill. szavatoss\u00e1gi hat\u00e1rid\u0151 a fogyaszt\u00e1si cikk fogyaszt\u00f3 r\u00e9sz\u00e9re t\u00f6rt\u00e9n\u0151 \u00e1tad\u00e1sa napj\u00e1val kezd\u0151dik.<\/p>\n\n\n\n<p>Amennyiben:<\/p>\n\n\n\n<p>-\u00d6n rendelkezik sz\u00e1mla vagy nyugta, mellyel bizony\u00edtani tudja a term\u00e9k v\u00e1s\u00e1rl\u00e1s\u00e1t.<\/p>\n\n\n\n<p>-A hiba igazoltan a term\u00e9k anyaghib\u00e1j\u00e1b\u00f3l keletkezett \u00e9s csak a rendeltet\u00e9sszer\u0171 haszn\u00e1lat sor\u00e1n lett l\u00e1that\u00f3.<\/p>\n\n\n\n<p>Nem tartozik a j\u00f3t\u00e1ll\u00e1s al\u00e1 a hiba, \u00e9s a j\u00f3t\u00e1ll\u00e1sra k\u00f6telezett mentes\u00fcl a j\u00f3t\u00e1ll\u00e1si k\u00f6telezetts\u00e9ge al\u00f3l, ha a meghib\u00e1sod\u00e1s a fogyaszt\u00f3 r\u00e9sz\u00e9re t\u00f6rt\u00e9nt \u00e1tad\u00e1s ut\u00e1n keletkezett.<\/p>\n\n\n\n<p>-Ha a hiba nem a rendeltet\u00e9sszer\u0171 haszn\u00e1latb\u00f3l keletkezett.<\/p>\n\n\n\n<p>\u2013 Ha a haszn\u00e1lati \u00fatmutat\u00f3n felt\u00fcntetett kezel\u00e9si \u00e9s haszn\u00e1lati utas\u00edt\u00e1sokat figyelmen k\u00edv\u00fcl hagy\u00e1sa okozta.<\/p>\n\n\n\n<p>\u2013 Ha a hib\u00e1t illet\u00e9ktelen \u00e1talak\u00edt\u00e1s, beavatkoz\u00e1s, szakszer\u0171tlen jav\u00edt\u00e1s okozta.<\/p>\n\n\n\n<p>\u2013 Ha a hiba a term\u00e9k gondatlan haszn\u00e1lat\u00e1b\u00f3l ered (\u00fct\u00e9s, karcol\u00e1s, akad\u00e1s stb.).<\/p>\n\n\n\n<p>\u2013 Ha a hiba a norm\u00e1l elhaszn\u00e1l\u00f3d\u00e1sb\u00f3l ered.<\/p>\n\n\n\n<p>Hib\u00e1s term\u00e9k v\u00e1s\u00e1rl\u00e1sakor a v\u00e1s\u00e1rl\u00f3 h\u00e1rom napon bel\u00fcl kicser\u00e9lheti a megv\u00e1s\u00e1rolt term\u00e9ket tetsz\u0151legesen m\u00e1s term\u00e9kre. (Korm. rendelet 7\u00a7 -\u00e1nak), vagy k\u00e9rheti annak jav\u00edt\u00e1s\u00e1t a forgalmaz\u00f3 k\u00f6lts\u00e9g\u00e9re, ha azonnali cser\u00e9re nincs lehet\u0151s\u00e9g 15 napon bel\u00fcl \u00e9rv\u00e9nyes\u00edtheti ig\u00e9ny\u00e9t (GKM rendelet 4\u00a7-\u00e1nak). Nem vonatkozik a csere az egyedi megrendel\u00e9sekre, melyet a megrendel\u0151 saj\u00e1t ig\u00e9nye szerint k\u00e9sz\u00edtettek. Ebben az esetben kiz\u00e1r\u00f3lag a jav\u00edt\u00e1s\u00e1t k\u00e9rheti, ha a hiba nem a fent eml\u00edtett okokb\u00f3l keletkezik. Ebben az esetben a jav\u00edt\u00e1si k\u00f6lts\u00e9get a v\u00e1s\u00e1rl\u00f3 fizeti meg.<\/p>\n\n\n\n<p>Garanci\u00e1lis ig\u00e9ny bejelent\u00e9s\u00e9t k\u00f6vet\u0151en a vissza sz\u00e1ll\u00edt\u00e1st c\u00e9g\u00fcnk fizeti, el\u0151zetes egyeztet\u00e9s ut\u00e1n, az \u00e9szszer\u0171s\u00e9g \u00e9s gazdas\u00e1goss\u00e1g figyelembev\u00e9tel\u00e9vel, elt\u00falzott \u00e9s indokolatlan k\u00f6lts\u00e9geket nem \u00e1ll m\u00f3dunkban kifizetni.<\/p>\n\n\n\n<p>A garanci\u00e1lis probl\u00e9m\u00e1val c\u00e9g\u00fcnknek behozott \u00e9kszereket tov\u00e1bb\u00edtjuk a c\u00e9g\u00fcnknek garanci\u00e1lis h\u00e1tteret biztos\u00edt\u00f3&nbsp;besz\u00e1ll\u00edt\u00f3nkhoz, aki int\u00e9zkedik ezek miel\u0151bbi jav\u00edt\u00e1s\u00e1r\u00f3l a vonatkoz\u00f3 jogszab\u00e1lyok betart\u00e1sa mellett.<\/p>\n\n\n\n<p><strong>Kell\u00e9kszavatoss\u00e1g<\/strong><\/p>\n\n\n\n<p>A Megrendel\u0151 az Elad\u00f3 hib\u00e1s teljes\u00edt\u00e9se eset\u00e9n a v\u00e1llalkoz\u00e1ssal szemben kell\u00e9kszavatoss\u00e1gi ig\u00e9nyt \u00e9rv\u00e9nyes\u00edthet a Polg\u00e1ri T\u00f6rv\u00e9nyk\u00f6nyv szab\u00e1lyai szerint.<\/p>\n\n\n\n<p>A Megrendel\u0151 v\u00e1laszt\u00e1sa szerint-az al\u00e1bbi kell\u00e9kszavatoss\u00e1gi ig\u00e9nyekkel \u00e9lhet:<\/p>\n\n\n\n<p>K\u00e9rhet kijav\u00edt\u00e1st vagy kicser\u00e9l\u00e9st, kiv\u00e9ve, ha az ezek k\u00f6z\u00fcl a Megrendel\u0151 \u00e1ltal v\u00e1lasztott ig\u00e9ny teljes\u00edt\u00e9se lehetetlen vagy az Elad\u00f3 sz\u00e1m\u00e1ra m\u00e1s ig\u00e9nye teljes\u00edt\u00e9s\u00e9hez k\u00e9pest ar\u00e1nytalan t\u00f6bbletk\u00f6lts\u00e9ggel j\u00e1rna. Ha a kijav\u00edt\u00e1st vagy a kicser\u00e9l\u00e9st nem k\u00e9rte, illetve nem k\u00e9rhette, \u00fagy ig\u00e9nyelheti az ellenszolg\u00e1ltat\u00e1s ar\u00e1nyos lesz\u00e1ll\u00edt\u00e1s\u00e1t vagy v\u00e9gs\u0151 esetben a szerz\u0151d\u00e9st\u0151l is el\u00e1llhat.<\/p>\n\n\n\n<p>V\u00e1lasztott kell\u00e9kszavatoss\u00e1gi jog\u00e1r\u00f3l egy m\u00e1sikra is \u00e1tt\u00e9rhet, az \u00e1tt\u00e9r\u00e9s k\u00f6lts\u00e9g\u00e9t azonban a Megrendel\u0151 viseli, kiv\u00e9ve, ha az indokolt volt, vagy arra az Elad\u00f3 adott okot.<\/p>\n\n\n\n<p>A Megrendel\u0151 k\u00f6teles a hib\u00e1t annak felfedez\u00e9se ut\u00e1n halad\u00e9ktalanul, de nem k\u00e9s\u0151bb, mint a hiba felfedez\u00e9s\u00e9t\u0151l sz\u00e1m\u00edtott kett\u0151 h\u00f3napon bel\u00fcl k\u00f6z\u00f6lni. Ugyanakkor a Megrendel\u0151 a szerz\u0151d\u00e9s teljes\u00edt\u00e9s\u00e9t\u0151l sz\u00e1m\u00edtott k\u00e9t \u00e9ves el\u00e9v\u00fcl\u00e9si hat\u00e1rid\u0151n t\u00fal kell\u00e9kszavatoss\u00e1gi jogait m\u00e1r nem \u00e9rv\u00e9nyes\u00edtheti.<\/p>\n\n\n\n<p>A Megrendel\u0151 az Elad\u00f3val szemben \u00e9rv\u00e9nyes\u00edtheti kell\u00e9kszavatoss\u00e1gi ig\u00e9ny\u00e9t.<\/p>\n\n\n\n<p>A teljes\u00edt\u00e9st\u0151l sz\u00e1m\u00edtott hat h\u00f3napon bel\u00fcl a kell\u00e9kszavatoss\u00e1gi ig\u00e9nye \u00e9rv\u00e9nyes\u00edt\u00e9s\u00e9nek a hiba k\u00f6zl\u00e9s\u00e9n t\u00fal nincs egy\u00e9b felt\u00e9tele, ha a Megrendel\u0151 igazolja, hogy a term\u00e9ket, illetve a szolg\u00e1ltat\u00e1st az Elad\u00f3 ny\u00fajtotta. A teljes\u00edt\u00e9st\u0151l sz\u00e1m\u00edtott hat h\u00f3nap eltelte ut\u00e1n azonban m\u00e1r a Megrendel\u0151 k\u00f6teles bizony\u00edtani, hogy a Megrendel\u0151 \u00e1ltal felismert hiba m\u00e1r a teljes\u00edt\u00e9s id\u0151pontj\u00e1ban is megvolt.<\/p>\n\n\n\n<p><strong>Jegyz\u0151k\u00f6nyvet kell felvenni&nbsp;a fogyaszt\u00f3 kifog\u00e1s\u00e1r\u00f3l<\/strong><\/p>\n\n\n\n<p>a fogyaszt\u00f3 \u00e9s v\u00e1llalkoz\u00e1s k\u00f6z\u00f6tti szerz\u0151d\u00e9s keret\u00e9ben eladott dolgokra vonatkoz\u00f3 szavatoss\u00e1gi \u00e9s j\u00f3t\u00e1ll\u00e1si ig\u00e9nyek int\u00e9z\u00e9s\u00e9r\u0151l sz\u00f3l\u00f3 19\/2014. (IV. 29.) NGM rendelet alapj\u00e1n, a let\u00f6lthet\u0151 jegyz\u0151k\u00f6nyv megtal\u00e1lhat\u00f3 a v\u00e1s\u00e1rl\u00e1si felt\u00e9telekben.<\/p>\n\n\n\n<p>&nbsp;Jegyz\u0151k\u00f6nyvet akkor kell felvenni, ha a Polg\u00e1ri T\u00f6rv\u00e9nyk\u00f6nyvr\u0151l sz\u00f3l\u00f3 2013. \u00e9vi V. t\u00f6rv\u00e9ny (Ptk.) szerinti fogyaszt\u00f3 \u00e9s v\u00e1llalkoz\u00e1s k\u00f6z\u00f6tti szerz\u0151d\u00e9s eset\u00e9n az eladott ing\u00f3 dolog hib\u00e1ja miatt a fogyaszt\u00f3 Ptk. szerinti kell\u00e9kszavatoss\u00e1gi vagy term\u00e9kszavatoss\u00e1gi ig\u00e9nyt vagy jogszab\u00e1ly alapj\u00e1n \u0151t megillet\u0151 j\u00f3t\u00e1ll\u00e1si ig\u00e9nyt \u00e9rv\u00e9nyes\u00edt. A Ptk. szerinti term\u00e9kszavatoss\u00e1gi ig\u00e9ny \u00e9rv\u00e9nyes\u00edt\u00e9se eset\u00e9n a v\u00e1llalkoz\u00e1s helyett a dolog gy\u00e1rt\u00f3j\u00e1t terhelik a rendelet szerinti k\u00f6telezetts\u00e9gek.<\/p>\n\n\n\n<p>Fogyaszt\u00f3i jogvita eset\u00e9n a fogyaszt\u00f3 a megyei (f\u0151v\u00e1rosi) kereskedelmi \u00e9s iparkamar\u00e1k mellett m\u0171k\u00f6d\u0151 b\u00e9k\u00e9ltet\u0151 test\u00fclet elj\u00e1r\u00e1s\u00e1t is kezdem\u00e9nyezheti. Az elj\u00e1r\u00e1sra a fogyaszt\u00f3 lak\u00f3helye vagy tart\u00f3zkod\u00e1si helye szerinti b\u00e9k\u00e9ltet\u0151 test\u00fclet illet\u00e9kes. A fogyaszt\u00f3 belf\u00f6ldi lak\u00f3helye \u00e9s tart\u00f3zkod\u00e1si helye hi\u00e1ny\u00e1ban a b\u00e9k\u00e9ltet\u0151 test\u00fclet illet\u00e9kess\u00e9g\u00e9t a fogyaszt\u00f3i jogvit\u00e1val \u00e9rintett v\u00e1llalkoz\u00e1s vagy az annak k\u00e9pviselet\u00e9re feljogos\u00edtott szerv sz\u00e9khelye alap\u00edtja meg. A b\u00e9k\u00e9ltet\u0151 test\u00fcletek el\u00e9rhet\u0151s\u00e9gei megtal\u00e1lhat\u00f3ak a&nbsp;<a href=\"http:\/\/www.bekeltetes.hu\/\">www.bekeltetes.hu<\/a>&nbsp;oldalon.<\/p>\n\n\n\n<p>Szabolcs-Szatm\u00e1r-Bereg megyei Kereskedelmi \u00e9s Iparkamara mellett szervezett B\u00e9k\u00e9ltet\u0151 Test\u00fclet.<\/p>\n\n\n\n<p>El\u00e9rhet\u0151s\u00e9gek<\/p>\n\n\n\n<figure class=\"wp-block-table\"><table><tbody><tr><td><\/td><\/tr><\/tbody><\/table><\/figure>\n\n\n\n<p>C\u00edm:&nbsp;4400 Ny\u00edregyh\u00e1za, Sz\u00e9chenyi u. 2.<br>Telefon:&nbsp;06-42-311-544<\/p>\n\n\n\n<p>Fax:&nbsp;06-42-311-750<\/p>\n\n\n\n<p>e-mail c\u00edm.:&nbsp;<a href=\"mailto:bekelteto@szabkam.hu\">bekelteto@szabkam.hu<\/a><\/p>\n\n\n\n<p>\u00dcgyf\u00e9lszolg\u00e1lat: 06-42\/411-411<\/p>\n\n\n\n<p>4400 Ny\u00edregyh\u00e1za, G\u00e9za u. 8-16.<\/p>\n\n\n\n<p>A rakt\u00e1ron l\u00e9v\u0151 term\u00e9keink szem\u00e9lyesen is megtekinthet\u0151ek, felpr\u00f3b\u00e1lhat\u00f3ak&nbsp;\u00e9s megv\u00e1s\u00e1rolhat\u00f3ak!<\/p>\n\n\n\n<p>Nyitvatart\u00e1s: H-P: 9-16 \u00f3r\u00e1ig<\/p>\n\n\n\n<p>Harmadik f\u00e9l \u00e1ltal jav\u00edtott, vagy szakszer\u0171tlen kezel\u00e9sb\u0151l, be\u00e1ll\u00edt\u00e1sb\u00f3l \u00e9s a garanci\u00e1lis felt\u00e9telek al\u00e1 nem es\u0151 probl\u00e9m\u00e1k eset\u00e9n a sz\u00e1ll\u00edt\u00e1s \u00e9s egy\u00e9b k\u00f6lts\u00e9g a v\u00e1s\u00e1rl\u00f3t terheli.<\/p>\n\n\n\n<hr class=\"wp-block-separator\"\/>\n\n\n\n<p><a><\/a><\/p>\n","protected":false},"excerpt":{"rendered":"<p>Garanci\u00e1lis felt\u00e9telek A j\u00f3t\u00e1ll\u00e1si jegyen felt\u00fcntetett term\u00e9kre 10.000.- Ft \u00a0\u00e9rt\u00e9khat\u00e1r felett a fogyaszt\u00f3i szerz\u0151d\u00e9s keretein bel\u00fcl C\u00e9g\u00fcnk j\u00f3t\u00e1ll\u00e1st, alatta szavatoss\u00e1got v\u00e1llal. A j\u00f3t\u00e1ll\u00e1s id\u0151tartama 6 h\u00f3nap\u00a0. A j\u00f3t\u00e1ll\u00e1si ill. szavatoss\u00e1gi hat\u00e1rid\u0151 a fogyaszt\u00e1si cikk fogyaszt\u00f3 r\u00e9sz\u00e9re t\u00f6rt\u00e9n\u0151 \u00e1tad\u00e1sa napj\u00e1val kezd\u0151dik. Amennyiben: -\u00d6n rendelkezik sz\u00e1mla vagy nyugta, mellyel bizony\u00edtani tudja a term\u00e9k v\u00e1s\u00e1rl\u00e1s\u00e1t. -A hiba igazoltan [&hellip;]<\/p>\n","protected":false},"author":1,"featured_media":0,"parent":0,"menu_order":0,"comment_status":"closed","ping_status":"closed","template":"","meta":{"footnotes":""},"class_list":["post-13647","page","type-page","status-publish","hentry"],"_links":{"self":[{"href":"https:\/\/shop.fatumnyiregyhaza.hu\/index.php?rest_route=\/wp\/v2\/pages\/13647","targetHints":{"allow":["GET"]}}],"collection":[{"href":"https:\/\/shop.fatumnyiregyhaza.hu\/index.php?rest_route=\/wp\/v2\/pages"}],"about":[{"href":"https:\/\/shop.fatumnyiregyhaza.hu\/index.php?rest_route=\/wp\/v2\/types\/page"}],"author":[{"embeddable":true,"href":"https:\/\/shop.fatumnyiregyhaza.hu\/index.php?rest_route=\/wp\/v2\/users\/1"}],"replies":[{"embeddable":true,"href":"https:\/\/shop.fatumnyiregyhaza.hu\/index.php?rest_route=%2Fwp%2Fv2%2Fcomments&post=13647"}],"version-history":[{"count":2,"href":"https:\/\/shop.fatumnyiregyhaza.hu\/index.php?rest_route=\/wp\/v2\/pages\/13647\/revisions"}],"predecessor-version":[{"id":13679,"href":"https:\/\/shop.fatumnyiregyhaza.hu\/index.php?rest_route=\/wp\/v2\/pages\/13647\/revisions\/13679"}],"wp:attachment":[{"href":"https:\/\/shop.fatumnyiregyhaza.hu\/index.php?rest_route=%2Fwp%2Fv2%2Fmedia&parent=13647"}],"curies":[{"name":"wp","href":"https:\/\/api.w.org\/{rel}","templated":true}]}}