{"id":13413,"date":"2020-06-16T12:40:36","date_gmt":"2020-06-16T12:40:36","guid":{"rendered":"https:\/\/ciyashop.potenzaglobalsolutions.com\/surfing\/?page_id=13413"},"modified":"2021-11-15T09:54:40","modified_gmt":"2021-11-15T09:54:40","slug":"contact-us","status":"publish","type":"page","link":"https:\/\/shop.fatumnyiregyhaza.hu\/?page_id=13413","title":{"rendered":"Kapcsolat"},"content":{"rendered":"<section class=\"wpb-content-wrapper\"><p>[vc_row pgscore_enable_responsive_settings=&#8221;true&#8221; el_id=&#8221;1588676438195-b9574292-a4d2&#8243; css=&#8221;.vc_custom_1592312234193{padding-top: 40px !important;padding-bottom: 80px !important;}&#8221; element_css_sm=&#8221;.vc_custom_1592312234198{padding-top: 20px !important;padding-bottom: 60px !important;}&#8221;][vc_column el_id=&#8221;1588676438201-8c14dee9-e2bb&#8221; css=&#8221;.vc_custom_1588677188316{padding-top: 0px !important;}&#8221;][vc_row_inner el_id=&#8221;1588676442480-030593bc-76b7&#8243;][vc_column_inner el_id=&#8221;1588676442484-a0da9a19-19f8&#8243; css=&#8221;.vc_custom_1588770661103{margin-top: 30px !important;}&#8221; offset=&#8221;vc_col-lg-4 vc_col-md-4&#8243;]\t<div  class=\"pgscore_section_title_wrapper vc_custom_1634053784149\"><!-- shortcode-base-wrapper -->\n\t\t<div class=\"pgscore_divider_wrapper pgscore_divider_style1 pgscore_divider_alignment_left\">\n\t<span class=\"divider-sub-title\" style=\"color: \">\n\t\t\t<\/span>\t\t\n\t\n\t<h2 class=\"divider-title\" style=\"color:\">\n\t\t<span>\n\t\t\tL\u00e9pj vel\u00fcnk kapcsolatba!\t\t<\/span>\n\t<\/h2>\n\t\t\t<p>\u00cdrj nek\u00fcnk \u00fczenetet \u00e9s mi egy munkanapon bel\u00fcl v\u00e1laszolunk! <\/p>\n\t\t<\/div>\n\t<\/div><!-- shortcode-base-wrapper-end -->\n\t[\/vc_column_inner][vc_column_inner width=&#8221;1\/2&#8243; el_id=&#8221;1588676444248-ab459c03-44b2&#8243; offset=&#8221;vc_col-lg-4 vc_col-md-4 vc_col-xs-12&#8243;]\t<div  class=\"pgscore_address_block_wrapper vc_custom_1636969762134\"><!-- shortcode-base-wrapper -->\n\t\t<div class=\"address-block address-block-with-icon square default\">\n\t\t\t<div class=\"address-block-icon\">\n\t\t\t<i class=\"ti-map-alt\"><\/i>\t\t<\/div>\n\t\t\t<div class=\"address-block-data\">\n\t\t\t\t\t<h3 class=\"title\">C\u00edm :<\/h3>\n\t\t\t\t\t\t\t<span>\n\t\t\t\t\t4400 Ny\u00edregyh\u00e1za\t\t\t\t<\/span>\n\t\t\t\t\t\t\t\t<span>\n\t\t\t\t\tG\u00e9za utca 8-16.\t\t\t\t<\/span>\n\t\t\t\t\t<\/div>\n<\/div>\n\t<\/div>\n\t\t<div  class=\"pgscore_address_block_wrapper vc_custom_1636969778547\"><!-- shortcode-base-wrapper -->\n\t\t<div class=\"address-block address-block-with-icon square default\">\n\t\t\t<div class=\"address-block-icon\">\n\t\t\t<i class=\"ti-mobile\"><\/i>\t\t<\/div>\n\t\t\t<div class=\"address-block-data\">\n\t\t\t\t\t<h3 class=\"title\">Telefon :<\/h3>\n\t\t\t\t\t\t\t<span>\n\t\t\t\t\t+36 42 411 411\t\t\t\t<\/span>\n\t\t\t\t\t<\/div>\n<\/div>\n\t<\/div>\n\t[\/vc_column_inner][vc_column_inner width=&#8221;1\/2&#8243; el_id=&#8221;1588676444257-89cf3700-0db9&#8243; offset=&#8221;vc_col-lg-4 vc_col-md-4 vc_col-xs-12&#8243;]\t<div  class=\"pgscore_address_block_wrapper vc_custom_1636969787948\"><!-- shortcode-base-wrapper -->\n\t\t<div class=\"address-block address-block-with-icon square default\">\n\t\t\t<div class=\"address-block-icon\">\n\t\t\t<i class=\"ti-email\"><\/i>\t\t<\/div>\n\t\t\t<div class=\"address-block-data\">\n\t\t\t\t\t<h3 class=\"title\">E-mail :<\/h3>\n\t\t\t\t\t\t\t<span>\n\t\t\t\t\tmarketing@nyiregyhazisc.hu\t\t\t\t<\/span>\n\t\t\t\t\t<\/div>\n<\/div>\n\t<\/div>\n\t\t<div  class=\"pgscore_address_block_wrapper vc_custom_1636969812673\"><!-- shortcode-base-wrapper -->\n\t\t<div class=\"address-block address-block-with-icon square default\">\n\t\t\t<div class=\"address-block-icon\">\n\t\t\t<i class=\"ti-headphone-alt\"><\/i>\t\t<\/div>\n\t\t\t<div class=\"address-block-data\">\n\t\t\t\t\t<h3 class=\"title\">Email::<\/h3>\n\t\t\t\t\t\t\t<span>\n\t\t\t\t\tvalami@nyiregyhazisc.hu\t\t\t\t<\/span>\n\t\t\t\t\t<\/div>\n<\/div>\n\t<\/div>\n\t[\/vc_column_inner][\/vc_row_inner][\/vc_column][\/vc_row][vc_row pgscore_enable_responsive_settings=&#8221;true&#8221; el_id=&#8221;1588600501584-744493d4-6d7e&#8221; css=&#8221;.vc_custom_1592312914644{margin-right: 0px !important;margin-bottom: 100px !important;margin-left: 0px !important;background-color: #f8f8f8 !important;}&#8221; element_css_md=&#8221;.vc_custom_1592312914649{margin-bottom: 80px !important;}&#8221; element_css_sm=&#8221;.vc_custom_1592312914651{margin-bottom: 70px !important;}&#8221; element_css_xs=&#8221;.vc_custom_1592312914653{margin-bottom: 60px !important;}&#8221;][vc_column el_id=&#8221;1588674511127-e096e06b-e215&#8243; css=&#8221;.vc_custom_1592389430495{padding-top: 0px !important;padding-right: 0px !important;padding-bottom: 0px !important;padding-left: 0px !important;}&#8221; offset=&#8221;vc_col-lg-6 vc_col-md-6&#8243;][vc_gmaps link=&#8221;#E-8_JTNDaWZyYW1lJTIwc3JjJTNEJTIyaHR0cHMlM0ElMkYlMkZ3d3cuZ29vZ2xlLmNvbSUyRm1hcHMlMkZlbWJlZCUzRnBiJTNEJTIxMW0xOCUyMTFtMTIlMjExbTMlMjExZDI2NzEuOTM0MDQ5NTYxMzI4MyUyMTJkMjEuNzIwNDY4OTE1MTM4NTIlMjEzZDQ3Ljk1Njk5OTM3MTcwMDQ3JTIxMm0zJTIxMWYwJTIxMmYwJTIxM2YwJTIxM20yJTIxMWkxMDI0JTIxMmk3NjglMjE0ZjEzLjElMjEzbTMlMjExbTIlMjExczB4NDczODlmYmM3MWYxYjdhNSUyNTNBMHhlNjU2OGI1MTA3Y2NiYzU1JTIxMnpUbm5EclhKbFozbG93NkY2WVN3Z1I4T3BlbUVnZFM0Z09DMHhOaXdnTkRRd01BJTIxNWUwJTIxM20yJTIxMXNodSUyMTJzaHUlMjE0djE2MzY5NzAwNDk2NzklMjE1bTIlMjExc2h1JTIxMnNodSUyMiUyMHdpZHRoJTNEJTIyNjAwJTIyJTIwaGVpZ2h0JTNEJTIyNDUwJTIyJTIwc3R5bGUlM0QlMjJib3JkZXIlM0EwJTNCJTIyJTIwYWxsb3dmdWxsc2NyZWVuJTNEJTIyJTIyJTIwbG9hZGluZyUzRCUyMmxhenklMjIlM0UlM0MlMkZpZnJhbWUlM0U=&#8221; css=&#8221;.vc_custom_1636970074971{margin-top: 0px !important;margin-bottom: 0px !important;}&#8221;][\/vc_column][vc_column pgscore_enable_responsive_settings=&#8221;true&#8221; el_id=&#8221;1588600501591-bec55005-fa35&#8243; css=&#8221;.vc_custom_1592389441091{padding-top: 50px !important;padding-right: 50px !important;padding-bottom: 50px !important;padding-left: 50px !important;}&#8221; element_css_sm=&#8221;.vc_custom_1592389441100{margin-top: 30px !important;}&#8221; offset=&#8221;vc_col-lg-6 vc_col-md-6&#8243;]\t<div  class=\"pgscore_section_title_wrapper vc_custom_1634053938154\"><!-- shortcode-base-wrapper -->\n\t\t<div class=\"pgscore_divider_wrapper pgscore_divider_style1 pgscore_divider_alignment_left\">\n\t<span class=\"divider-sub-title\" style=\"color: \">\n\t\t\t<\/span>\t\t\n\t\n\t<h2 class=\"divider-title\" style=\"color:\">\n\t\t<span>\n\t\t\tK\u00fcldj nek\u00fcnk \u00fczenetet\t\t<\/span>\n\t<\/h2>\n\t\t\t<p>Add meg adataidat, k\u00e9rd\u00e9seidet \u00e9s mi egy munkanapon bel\u00fcl v\u00e1laszolunk! <\/p>\n\t\t<\/div>\n\t<\/div><!-- shortcode-base-wrapper-end -->\n\t\n<div class=\"wpcf7 no-js\" id=\"wpcf7-f13417-o1\" lang=\"en-US\" dir=\"ltr\">\n<div class=\"screen-reader-response\"><p role=\"status\" aria-live=\"polite\" aria-atomic=\"true\"><\/p> <ul><\/ul><\/div>\n<form action=\"\/index.php?rest_route=%2Fwp%2Fv2%2Fpages%2F13413#wpcf7-f13417-o1\" method=\"post\" class=\"wpcf7-form init\" aria-label=\"Contact form\" novalidate=\"novalidate\" data-status=\"init\">\n<div style=\"display: none;\">\n<input type=\"hidden\" name=\"_wpcf7\" value=\"13417\" \/>\n<input type=\"hidden\" name=\"_wpcf7_version\" value=\"5.8.1\" \/>\n<input type=\"hidden\" name=\"_wpcf7_locale\" value=\"en_US\" \/>\n<input type=\"hidden\" name=\"_wpcf7_unit_tag\" value=\"wpcf7-f13417-o1\" \/>\n<input type=\"hidden\" name=\"_wpcf7_container_post\" value=\"0\" \/>\n<input type=\"hidden\" name=\"_wpcf7_posted_data_hash\" value=\"\" \/>\n<\/div>\n<div class=\"row\">\n\t<div class=\"col-md-6 col-sm-12\">\n\t\t<div class=\"form-group\">\n\t\t\t<p><span class=\"wpcf7-form-control-wrap\" data-name=\"your-name\"><input size=\"40\" class=\"wpcf7-form-control wpcf7-text wpcf7-validates-as-required\" aria-required=\"true\" aria-invalid=\"false\" placeholder=\"N\u00e9v\" value=\"\" type=\"text\" name=\"your-name\" \/><\/span>\n\t\t\t<\/p>\n\t\t<\/div>\n\t<\/div>\n\t<div class=\"col-md-6 col-sm-12\">\n\t\t<div class=\"form-group\">\n\t\t\t<p><span class=\"wpcf7-form-control-wrap\" data-name=\"your-subject\"><input size=\"40\" class=\"wpcf7-form-control wpcf7-text\" aria-invalid=\"false\" placeholder=\"Telefonsz\u00e1m\" value=\"\" type=\"text\" name=\"your-subject\" \/><\/span>\n\t\t\t<\/p>\n\t\t<\/div>\n\t<\/div>\n\t<div class=\"col-sm-12\">\n\t\t<div class=\"form-group\">\n\t\t\t<p><span class=\"wpcf7-form-control-wrap\" data-name=\"your-email\"><input size=\"40\" class=\"wpcf7-form-control wpcf7-email wpcf7-validates-as-required wpcf7-text wpcf7-validates-as-email\" aria-required=\"true\" aria-invalid=\"false\" placeholder=\"Email c\u00edm\" value=\"\" type=\"email\" name=\"your-email\" \/><\/span>\n\t\t\t<\/p>\n\t\t<\/div>\n\t<\/div>\n\t<div class=\"col-sm-12\">\n\t\t<div class=\"form-group\">\n\t\t\t<p><span class=\"wpcf7-form-control-wrap\" data-name=\"your-message\"><textarea cols=\"30\" rows=\"4\" class=\"wpcf7-form-control wpcf7-textarea\" aria-invalid=\"false\" placeholder=\"\u00dczenet\" name=\"your-message\"><\/textarea><\/span>\n\t\t\t<\/p>\n\t\t<\/div>\n\t<\/div>\n\t<div class=\"col-sm-12\">\n\t\t<p><input class=\"wpcf7-form-control wpcf7-submit has-spinner btn btn-default\" type=\"submit\" value=\"\u00dczenet k\u00fcld\u00e9s\" \/>\n\t\t<\/p>\n\t<\/div>\n<\/div><div class=\"wpcf7-response-output\" aria-hidden=\"true\"><\/div>\n<\/form>\n<\/div>\n[\/vc_column][\/vc_row][vc_row pgscore_enable_responsive_settings=&#8221;true&#8221; el_id=&#8221;1591945880928-459c8ec8-2ff9&#8243; css=&#8221;.vc_custom_1592389416991{margin-top: 100px !important;margin-bottom: 100px !important;}&#8221; element_css_md=&#8221;.vc_custom_1592389416995{margin-top: 80px !important;margin-bottom: 80px !important;}&#8221; element_css_sm=&#8221;.vc_custom_1592389416997{margin-top: 70px !important;margin-bottom: 70px !important;}&#8221; element_css_xs=&#8221;.vc_custom_1592389416999{margin-top: 60px !important;margin-bottom: 60px !important;}&#8221;][vc_column el_id=&#8221;1591945880933-53ad48a4-4088&#8243; css=&#8221;.vc_custom_1591946676663{padding-top: 0px !important;}&#8221;]\t<div  class=\"pgscore_clients_wrapper\"><!-- shortcode-base-wrapper -->\n\t\t<div class=\"pgscore_clients pgscore_clients-list-type-slider\">\n\t<div class=\"our-clients owl-carousel owl-theme owl-carousel-options\" data-owl_options=\"{&quot;items&quot;:5,&quot;loop&quot;:true,&quot;dots&quot;:false,&quot;nav&quot;:false,&quot;margin&quot;:30,&quot;autoplay&quot;:true,&quot;autoplayHoverPause&quot;:true,&quot;smartSpeed&quot;:1000,&quot;responsive&quot;:{&quot;0&quot;:{&quot;items&quot;:1},&quot;480&quot;:{&quot;items&quot;:2},&quot;768&quot;:{&quot;items&quot;:3},&quot;980&quot;:{&quot;items&quot;:4},&quot;1200&quot;:{&quot;items&quot;:5}},&quot;navText&quot;:[&quot;&lt;i class=\\&quot;fas fa-angle-left fa-2x\\&quot;&gt;&lt;\\\/i&gt;&quot;,&quot;&lt;i class=\\&quot;fas fa-angle-right fa-2x\\&quot;&gt;&lt;\\\/i&gt;&quot;],&quot;lazyLoad&quot;:true}\">\n\t\t\t\t<div class=\"item\">\n\t\t\t\t<a href=\"#\"><img loading=\"lazy\" decoding=\"async\" class=\"img-fluid center-block owl-lazy\" src=\"https:\/\/shop.fatumnyiregyhaza.hu\/wp-content\/themes\/ciyashop\/images\/loader.gif\" data-src=\"https:\/\/shop.fatumnyiregyhaza.hu\/wp-content\/uploads\/2021\/10\/fatumlogo1.png\" width=\"400\" height=\"400\" alt=\"\">\t\t\t\t\t<\/a>\n\t\t\t\t\t\t\t\t<\/div>\n\t\t\t\t\t\t<div class=\"item\">\n\t\t\t\t<a href=\"#\"><img loading=\"lazy\" decoding=\"async\" class=\"img-fluid center-block owl-lazy\" src=\"https:\/\/shop.fatumnyiregyhaza.hu\/wp-content\/themes\/ciyashop\/images\/loader.gif\" data-src=\"https:\/\/shop.fatumnyiregyhaza.hu\/wp-content\/uploads\/2021\/10\/HUBNER_BS_logo2-600x600.png\" width=\"400\" height=\"400\" alt=\"\">\t\t\t\t\t<\/a>\n\t\t\t\t\t\t\t\t<\/div>\n\t\t\t<\/div>\n<\/div>\n\t<\/div>\n\t[\/vc_column][\/vc_row]<\/p>\n<\/section>","protected":false},"excerpt":{"rendered":"<p>[vc_row pgscore_enable_responsive_settings=&#8221;true&#8221; el_id=&#8221;1588676438195-b9574292-a4d2&#8243; css=&#8221;.vc_custom_1592312234193{padding-top: 40px !important;padding-bottom: 80px !important;}&#8221; element_css_sm=&#8221;.vc_custom_1592312234198{padding-top: 20px !important;padding-bottom: 60px !important;}&#8221;][vc_column el_id=&#8221;1588676438201-8c14dee9-e2bb&#8221; css=&#8221;.vc_custom_1588677188316{padding-top: 0px !important;}&#8221;][vc_row_inner el_id=&#8221;1588676442480-030593bc-76b7&#8243;][vc_column_inner el_id=&#8221;1588676442484-a0da9a19-19f8&#8243; css=&#8221;.vc_custom_1588770661103{margin-top: 30px !important;}&#8221; offset=&#8221;vc_col-lg-4 vc_col-md-4&#8243;][\/vc_column_inner][vc_column_inner width=&#8221;1\/2&#8243; el_id=&#8221;1588676444248-ab459c03-44b2&#8243; offset=&#8221;vc_col-lg-4 vc_col-md-4 vc_col-xs-12&#8243;][\/vc_column_inner][vc_column_inner width=&#8221;1\/2&#8243; el_id=&#8221;1588676444257-89cf3700-0db9&#8243; offset=&#8221;vc_col-lg-4 vc_col-md-4 vc_col-xs-12&#8243;][\/vc_column_inner][\/vc_row_inner][\/vc_column][\/vc_row][vc_row pgscore_enable_responsive_settings=&#8221;true&#8221; el_id=&#8221;1588600501584-744493d4-6d7e&#8221; css=&#8221;.vc_custom_1592312914644{margin-right: 0px !important;margin-bottom: 100px !important;margin-left: 0px !important;background-color: #f8f8f8 !important;}&#8221; element_css_md=&#8221;.vc_custom_1592312914649{margin-bottom: 80px !important;}&#8221; element_css_sm=&#8221;.vc_custom_1592312914651{margin-bottom: 70px !important;}&#8221; element_css_xs=&#8221;.vc_custom_1592312914653{margin-bottom: 60px !important;}&#8221;][vc_column el_id=&#8221;1588674511127-e096e06b-e215&#8243; [&hellip;]<\/p>\n","protected":false},"author":1,"featured_media":0,"parent":0,"menu_order":0,"comment_status":"closed","ping_status":"closed","template":"templates\/full-width.php","meta":{"footnotes":""},"class_list":["post-13413","page","type-page","status-publish","hentry"],"_links":{"self":[{"href":"https:\/\/shop.fatumnyiregyhaza.hu\/index.php?rest_route=\/wp\/v2\/pages\/13413","targetHints":{"allow":["GET"]}}],"collection":[{"href":"https:\/\/shop.fatumnyiregyhaza.hu\/index.php?rest_route=\/wp\/v2\/pages"}],"about":[{"href":"https:\/\/shop.fatumnyiregyhaza.hu\/index.php?rest_route=\/wp\/v2\/types\/page"}],"author":[{"embeddable":true,"href":"https:\/\/shop.fatumnyiregyhaza.hu\/index.php?rest_route=\/wp\/v2\/users\/1"}],"replies":[{"embeddable":true,"href":"https:\/\/shop.fatumnyiregyhaza.hu\/index.php?rest_route=%2Fwp%2Fv2%2Fcomments&post=13413"}],"version-history":[{"count":6,"href":"https:\/\/shop.fatumnyiregyhaza.hu\/index.php?rest_route=\/wp\/v2\/pages\/13413\/revisions"}],"predecessor-version":[{"id":13677,"href":"https:\/\/shop.fatumnyiregyhaza.hu\/index.php?rest_route=\/wp\/v2\/pages\/13413\/revisions\/13677"}],"wp:attachment":[{"href":"https:\/\/shop.fatumnyiregyhaza.hu\/index.php?rest_route=%2Fwp%2Fv2%2Fmedia&parent=13413"}],"curies":[{"name":"wp","href":"https:\/\/api.w.org\/{rel}","templated":true}]}}